{"id":40077,"date":"2025-05-13T11:47:10","date_gmt":"2025-05-13T09:47:10","guid":{"rendered":"https:\/\/www.fortevillageresort.com\/?post_type=product&#038;p=40077"},"modified":"2026-04-13T16:20:09","modified_gmt":"2026-04-13T14:20:09","slug":"fiorella-mannoia-vip-package","status":"publish","type":"product","link":"https:\/\/www.fortevillageresort.com\/it\/shop\/fiorella-mannoia-vip-package\/","title":{"rendered":"Fiorella Mannoia VIP Package"},"content":{"rendered":"","protected":false},"excerpt":{"rendered":"<p>Si avvia il palinsesto dell\u2019estate 2026 della Forte Arena: sabato 1 Agosto, il palcoscenico del teatro sotto le stelle del Forte Village a Santa Margherita di Pula ospiter\u00e0 il nuovo emozionante viaggio musicale di Fiorella Mannoia, attraverso i repertori e i brani pi\u00f9 amati di Ivano Fossati e Fabrizio De Andr\u00e9.<\/p>\n","protected":false},"featured_media":44269,"comment_status":"open","ping_status":"closed","template":"","meta":{"_acf_changed":false},"product_cat":[293],"product_tag":[],"class_list":["post-40077","product","type-product","status-publish","has-post-thumbnail","hentry","product_cat-forte-arena-pacchetti"],"acf":[],"_links":{"self":[{"href":"https:\/\/www.fortevillageresort.com\/it\/wp-json\/wp\/v2\/product\/40077","targetHints":{"allow":["GET"]}}],"collection":[{"href":"https:\/\/www.fortevillageresort.com\/it\/wp-json\/wp\/v2\/product"}],"about":[{"href":"https:\/\/www.fortevillageresort.com\/it\/wp-json\/wp\/v2\/types\/product"}],"replies":[{"embeddable":true,"href":"https:\/\/www.fortevillageresort.com\/it\/wp-json\/wp\/v2\/comments?post=40077"}],"wp:featuredmedia":[{"embeddable":true,"href":"https:\/\/www.fortevillageresort.com\/it\/wp-json\/wp\/v2\/media\/44269"}],"wp:attachment":[{"href":"https:\/\/www.fortevillageresort.com\/it\/wp-json\/wp\/v2\/media?parent=40077"}],"wp:term":[{"taxonomy":"product_cat","embeddable":true,"href":"https:\/\/www.fortevillageresort.com\/it\/wp-json\/wp\/v2\/product_cat?post=40077"},{"taxonomy":"product_tag","embeddable":true,"href":"https:\/\/www.fortevillageresort.com\/it\/wp-json\/wp\/v2\/product_tag?post=40077"}],"curies":[{"name":"wp","href":"https:\/\/api.w.org\/{rel}","templated":true}]}}